{"id":271,"date":"2023-01-30T16:32:15","date_gmt":"2023-01-30T16:32:15","guid":{"rendered":"https:\/\/hidesambroz.com\/hides\/?page_id=271"},"modified":"2026-02-10T12:33:55","modified_gmt":"2026-02-10T12:33:55","slug":"hide-de-las-rapaces","status":"publish","type":"page","link":"https:\/\/hidesambroz.com\/hides\/hide-de-las-rapaces\/","title":{"rendered":"HIDE DE AVES NECR\u00d3FAGAS EN LAGUNILLA"},"content":{"rendered":"<p>HIDE DE AVES NECR\u00d3FAGAS EN LAGUNILLA<\/p>\n<p><span class=\"a_GcMg font-feature-liga-off font-feature-clig-off font-feature-calt-off text-decoration-none text-strikethrough-none\">Un espacio \u00fanico\u00a0 para captar im\u00e1genes espectaculares de buitres negros, leonados, milanos y fauna salvaje, en plena naturaleza y con la imponente Pe\u00f1a de Francia como tel\u00f3n de fondo<\/span><\/p>\n<p>CARACTER\u00cdSTICAS.<\/p>\n<p><span class=\"a_GcMg font-feature-liga-off font-feature-clig-off font-feature-calt-off text-decoration-none text-strikethrough-none\">Hide con cristal esp\u00eda de gran amplitud, que permite trabajar c\u00f3modamente entre 6- 8 fot\u00f3grafos de forma simult\u00e1nea.<\/span><\/p>\n<p class=\"cvGsUA direction-ltr align-justify para-style-body\"><span class=\"a_GcMg font-feature-liga-off font-feature-clig-off font-feature-calt-off text-decoration-none text-strikethrough-none\">Dispone de una balsa de agua de 5 \u00d7 2 metros, donde las aves comen, beben y se ba\u00f1an, permitiendo obtener fotograf\u00edas espejo de gran impacto visual.<\/span><\/p>\n<p class=\"cvGsUA direction-ltr align-justify para-style-body\"><span class=\"a_GcMg font-feature-liga-off font-feature-clig-off font-feature-calt-off text-decoration-none text-strikethrough-none\">El emplazamiento ha sido cuidadosamente estudiado para lograr desenfoques suaves y, como fondo natural, la Pe\u00f1a de Francia.<\/span><\/p>\n<p>LOCALIZACI\u00d3N.<\/p>\n<p>Est\u00e1 ubicado en un antiguo Muladar en Lagunilla.<\/p>\n<p>El d\u00eda de la sesi\u00f3n uno de los gu\u00edas te acompa\u00f1ar\u00e1 hasta el hide, quedando previamente en un punto acordado y te recoger\u00e1 una vez terminada la sesi\u00f3n estando en comunicaci\u00f3n telef\u00f3nica durante la misma.<\/p>\n<p>ESPECIES A FOTOGRAFIAR.<\/p>\n<p>En este aguardo pueden fotografiarse\u00a0 Buitre Negro, Buitre Leonado, Milano Real, Milano Negro, Alimoche y c\u00f3rvidos.<\/p>\n<p>RESERVAS Y PRECIO.<\/p>\n<p>Para cualquier consulta de disponibilidad de fechas, como para realizar una reserva puedes escribirnos a hidesambroz@gmail.com o en el formulario de <a href=\"https:\/\/hidesambroz.com\/hides\/contacto\/\">contacto.<\/a><\/p>\n<p><a href=\"https:\/\/hidesambroz.com\/hides\/wp-content\/uploads\/2026\/02\/DSC1327.jpg\"><img loading=\"lazy\" decoding=\"async\" class=\"alignright wp-image-368 size-medium\" src=\"https:\/\/hidesambroz.com\/hides\/wp-content\/uploads\/2026\/02\/DSC1327-300x200.jpg\" alt=\"\" width=\"300\" height=\"200\" srcset=\"https:\/\/hidesambroz.com\/hides\/wp-content\/uploads\/2026\/02\/DSC1327-300x200.jpg 300w, https:\/\/hidesambroz.com\/hides\/wp-content\/uploads\/2026\/02\/DSC1327-1024x683.jpg 1024w, https:\/\/hidesambroz.com\/hides\/wp-content\/uploads\/2026\/02\/DSC1327-768x512.jpg 768w, https:\/\/hidesambroz.com\/hides\/wp-content\/uploads\/2026\/02\/DSC1327.jpg 1500w\" sizes=\"auto, (max-width: 300px) 100vw, 300px\" \/><\/a> <a href=\"https:\/\/hidesambroz.com\/hides\/wp-content\/uploads\/2026\/02\/DSC6417.jpg\"><img loading=\"lazy\" decoding=\"async\" class=\"alignleft wp-image-369 size-medium\" src=\"https:\/\/hidesambroz.com\/hides\/wp-content\/uploads\/2026\/02\/DSC6417-300x200.jpg\" alt=\"\" width=\"300\" height=\"200\" srcset=\"https:\/\/hidesambroz.com\/hides\/wp-content\/uploads\/2026\/02\/DSC6417-300x200.jpg 300w, https:\/\/hidesambroz.com\/hides\/wp-content\/uploads\/2026\/02\/DSC6417-1024x683.jpg 1024w, https:\/\/hidesambroz.com\/hides\/wp-content\/uploads\/2026\/02\/DSC6417-768x512.jpg 768w, https:\/\/hidesambroz.com\/hides\/wp-content\/uploads\/2026\/02\/DSC6417.jpg 1500w\" sizes=\"auto, (max-width: 300px) 100vw, 300px\" \/><\/a> <a href=\"https:\/\/hidesambroz.com\/hides\/wp-content\/uploads\/2026\/02\/DSC6809.jpg\"><img loading=\"lazy\" decoding=\"async\" class=\"size-medium wp-image-370 alignright\" src=\"https:\/\/hidesambroz.com\/hides\/wp-content\/uploads\/2026\/02\/DSC6809-300x200.jpg\" alt=\"\" width=\"300\" height=\"200\" srcset=\"https:\/\/hidesambroz.com\/hides\/wp-content\/uploads\/2026\/02\/DSC6809-300x200.jpg 300w, https:\/\/hidesambroz.com\/hides\/wp-content\/uploads\/2026\/02\/DSC6809-1024x683.jpg 1024w, https:\/\/hidesambroz.com\/hides\/wp-content\/uploads\/2026\/02\/DSC6809-768x512.jpg 768w, https:\/\/hidesambroz.com\/hides\/wp-content\/uploads\/2026\/02\/DSC6809.jpg 1500w\" sizes=\"auto, (max-width: 300px) 100vw, 300px\" \/><\/a> <a href=\"https:\/\/hidesambroz.com\/hides\/wp-content\/uploads\/2026\/02\/DSC8067.jpg\"><img loading=\"lazy\" decoding=\"async\" class=\"size-medium wp-image-371 alignleft\" src=\"https:\/\/hidesambroz.com\/hides\/wp-content\/uploads\/2026\/02\/DSC8067-300x200.jpg\" alt=\"\" width=\"300\" height=\"200\" srcset=\"https:\/\/hidesambroz.com\/hides\/wp-content\/uploads\/2026\/02\/DSC8067-300x200.jpg 300w, https:\/\/hidesambroz.com\/hides\/wp-content\/uploads\/2026\/02\/DSC8067-1024x683.jpg 1024w, https:\/\/hidesambroz.com\/hides\/wp-content\/uploads\/2026\/02\/DSC8067-768x512.jpg 768w, https:\/\/hidesambroz.com\/hides\/wp-content\/uploads\/2026\/02\/DSC8067.jpg 1500w\" sizes=\"auto, (max-width: 300px) 100vw, 300px\" \/><\/a><\/p>\n<p><a href=\"https:\/\/hidesambroz.com\/hides\/wp-content\/uploads\/2023\/07\/DSC4182_01.jpg\"><img loading=\"lazy\" decoding=\"async\" class=\"alignleft wp-image-337\" src=\"https:\/\/hidesambroz.com\/hides\/wp-content\/uploads\/2023\/07\/DSC4182_01-300x200.jpg\" alt=\"\" width=\"300\" height=\"200\" srcset=\"https:\/\/hidesambroz.com\/hides\/wp-content\/uploads\/2023\/07\/DSC4182_01-300x200.jpg 300w, https:\/\/hidesambroz.com\/hides\/wp-content\/uploads\/2023\/07\/DSC4182_01-1024x683.jpg 1024w, https:\/\/hidesambroz.com\/hides\/wp-content\/uploads\/2023\/07\/DSC4182_01-768x512.jpg 768w, https:\/\/hidesambroz.com\/hides\/wp-content\/uploads\/2023\/07\/DSC4182_01.jpg 1500w\" sizes=\"auto, (max-width: 300px) 100vw, 300px\" \/><\/a><\/p>\n<p><a href=\"https:\/\/hidesambroz.com\/hides\/wp-content\/uploads\/2023\/01\/DSC1128.jpg\"><img loading=\"lazy\" decoding=\"async\" class=\"alignright wp-image-242\" src=\"https:\/\/hidesambroz.com\/hides\/wp-content\/uploads\/2023\/01\/DSC1128-300x200.jpg\" alt=\"\" width=\"300\" height=\"200\" srcset=\"https:\/\/hidesambroz.com\/hides\/wp-content\/uploads\/2023\/01\/DSC1128-300x200.jpg 300w, https:\/\/hidesambroz.com\/hides\/wp-content\/uploads\/2023\/01\/DSC1128-1024x683.jpg 1024w, https:\/\/hidesambroz.com\/hides\/wp-content\/uploads\/2023\/01\/DSC1128-768x512.jpg 768w, https:\/\/hidesambroz.com\/hides\/wp-content\/uploads\/2023\/01\/DSC1128.jpg 1500w\" sizes=\"auto, (max-width: 300px) 100vw, 300px\" \/><\/a><\/p>\n","protected":false},"excerpt":{"rendered":"<p>HIDE DE AVES NECR\u00d3FAGAS EN LAGUNILLA Un espacio \u00fanico\u00a0 para captar im\u00e1genes espectaculares de buitres negros, leonados, milanos y fauna salvaje, en plena naturaleza y con la imponente Pe\u00f1a de Francia como tel\u00f3n de fondo CARACTER\u00cdSTICAS. Hide con cristal esp\u00eda de gran amplitud, que permite &hellip; <a href=\"https:\/\/hidesambroz.com\/hides\/hide-de-las-rapaces\/\" class=\"more-link\"><span>Seguir leyendo<span class=\"screen-reader-text\">HIDE DE AVES NECR\u00d3FAGAS EN LAGUNILLA<\/span><\/span><\/a><\/p>\n","protected":false},"author":1,"featured_media":0,"parent":0,"menu_order":0,"comment_status":"closed","ping_status":"closed","template":"","meta":{"om_disable_all_campaigns":false,"_exactmetrics_skip_tracking":false,"_exactmetrics_sitenote_active":false,"_exactmetrics_sitenote_note":"","_exactmetrics_sitenote_category":0,"_monsterinsights_skip_tracking":false,"_monsterinsights_sitenote_active":false,"_monsterinsights_sitenote_note":"","_monsterinsights_sitenote_category":0,"_uf_show_specific_survey":0,"_uf_disable_surveys":false,"ngg_post_thumbnail":0,"footnotes":""},"class_list":["post-271","page","type-page","status-publish","hentry"],"aioseo_notices":[],"_links":{"self":[{"href":"https:\/\/hidesambroz.com\/hides\/wp-json\/wp\/v2\/pages\/271","targetHints":{"allow":["GET"]}}],"collection":[{"href":"https:\/\/hidesambroz.com\/hides\/wp-json\/wp\/v2\/pages"}],"about":[{"href":"https:\/\/hidesambroz.com\/hides\/wp-json\/wp\/v2\/types\/page"}],"author":[{"embeddable":true,"href":"https:\/\/hidesambroz.com\/hides\/wp-json\/wp\/v2\/users\/1"}],"replies":[{"embeddable":true,"href":"https:\/\/hidesambroz.com\/hides\/wp-json\/wp\/v2\/comments?post=271"}],"version-history":[{"count":9,"href":"https:\/\/hidesambroz.com\/hides\/wp-json\/wp\/v2\/pages\/271\/revisions"}],"predecessor-version":[{"id":375,"href":"https:\/\/hidesambroz.com\/hides\/wp-json\/wp\/v2\/pages\/271\/revisions\/375"}],"wp:attachment":[{"href":"https:\/\/hidesambroz.com\/hides\/wp-json\/wp\/v2\/media?parent=271"}],"curies":[{"name":"wp","href":"https:\/\/api.w.org\/{rel}","templated":true}]}}