{"id":230,"date":"2022-12-18T16:00:50","date_gmt":"2022-12-18T16:00:50","guid":{"rendered":"https:\/\/hidesambroz.com\/hides\/?page_id=230"},"modified":"2022-12-18T16:00:50","modified_gmt":"2022-12-18T16:00:50","slug":"hide-de-las-grullas","status":"publish","type":"page","link":"https:\/\/hidesambroz.com\/hides\/hide-de-las-grullas\/","title":{"rendered":"HIDE DE LAS GRULLAS."},"content":{"rendered":"<p>HIDE DE LAS GRULLAS.<\/p>\n<p>Hide situado en las cercan\u00edas de un dormidero donde cada tarde acuden a descansar unas 300-400 Grullas.<\/p>\n<p>CARACTER\u00cdSTICAS.<\/p>\n<p>Se trata de un hide de madera con troneras con capacidad para dos fot\u00f3grafos<\/p>\n<p>No es un aguardo que necesite largas esperas por lo que podremos realizar tanto sesiones de ma\u00f1ana o tarde aprovechando las mejores condiciones de luz.<\/p>\n<p>LOCALIZACI\u00d3N.<\/p>\n<p>Est\u00e1 ubicado en una finca privada ganadera en la dehesa extreme\u00f1a.<\/p>\n<p>El d\u00eda de la sesi\u00f3n uno de los gu\u00edas te acompa\u00f1ar\u00e1 hasta el hide, quedando previamente en un punto acordado y te recoger\u00e1 una vez terminada la sesi\u00f3n estando en comunicaci\u00f3n telef\u00f3nica durante la misma.<\/p>\n<p>ESPECIES A FOTOGRAFIAR.<\/p>\n<p>Es un aguardo para fotografiar Grullas<\/p>\n<p>RESERVAS Y PRECIO.<\/p>\n<p>Para cualquier consulta de disponibilidad de fechas, como para realizar una reserva puedes escribirnos a hidesambroz@gmail.com o en el formulario de <a href=\"https:\/\/hidesambroz.com\/hides\/contacto\/\">contacto.<\/a><\/p>\n<p>El precio de este hide es de 70\u20ac por fot\u00f3grafo y sesi\u00f3n.<\/p>\n<p><a href=\"https:\/\/hidesambroz.com\/hides\/wp-content\/uploads\/2022\/12\/MG_1261.jpg\"><img loading=\"lazy\" decoding=\"async\" class=\"alignleft wp-image-231\" src=\"https:\/\/hidesambroz.com\/hides\/wp-content\/uploads\/2022\/12\/MG_1261-300x200.jpg\" alt=\"\" width=\"350\" height=\"233\" srcset=\"https:\/\/hidesambroz.com\/hides\/wp-content\/uploads\/2022\/12\/MG_1261-300x200.jpg 300w, https:\/\/hidesambroz.com\/hides\/wp-content\/uploads\/2022\/12\/MG_1261-768x512.jpg 768w, https:\/\/hidesambroz.com\/hides\/wp-content\/uploads\/2022\/12\/MG_1261.jpg 1000w\" sizes=\"auto, (max-width: 350px) 100vw, 350px\" \/><\/a> <a href=\"https:\/\/hidesambroz.com\/hides\/wp-content\/uploads\/2022\/12\/MG_1274.jpg\"><img loading=\"lazy\" decoding=\"async\" class=\"alignright wp-image-232\" src=\"https:\/\/hidesambroz.com\/hides\/wp-content\/uploads\/2022\/12\/MG_1274-300x200.jpg\" alt=\"\" width=\"350\" height=\"233\" srcset=\"https:\/\/hidesambroz.com\/hides\/wp-content\/uploads\/2022\/12\/MG_1274-300x200.jpg 300w, https:\/\/hidesambroz.com\/hides\/wp-content\/uploads\/2022\/12\/MG_1274-768x512.jpg 768w, https:\/\/hidesambroz.com\/hides\/wp-content\/uploads\/2022\/12\/MG_1274.jpg 1000w\" sizes=\"auto, (max-width: 350px) 100vw, 350px\" \/><\/a> <a href=\"https:\/\/hidesambroz.com\/hides\/wp-content\/uploads\/2022\/12\/MG_1287.jpg\"><img loading=\"lazy\" decoding=\"async\" class=\"alignleft wp-image-233\" src=\"https:\/\/hidesambroz.com\/hides\/wp-content\/uploads\/2022\/12\/MG_1287-300x200.jpg\" alt=\"\" width=\"350\" height=\"233\" srcset=\"https:\/\/hidesambroz.com\/hides\/wp-content\/uploads\/2022\/12\/MG_1287-300x200.jpg 300w, https:\/\/hidesambroz.com\/hides\/wp-content\/uploads\/2022\/12\/MG_1287-768x512.jpg 768w, https:\/\/hidesambroz.com\/hides\/wp-content\/uploads\/2022\/12\/MG_1287.jpg 1000w\" sizes=\"auto, (max-width: 350px) 100vw, 350px\" \/><\/a> <a href=\"https:\/\/hidesambroz.com\/hides\/wp-content\/uploads\/2022\/12\/MG_1306.jpg\"><img loading=\"lazy\" decoding=\"async\" class=\"alignright wp-image-234\" src=\"https:\/\/hidesambroz.com\/hides\/wp-content\/uploads\/2022\/12\/MG_1306-300x200.jpg\" alt=\"\" width=\"350\" height=\"233\" srcset=\"https:\/\/hidesambroz.com\/hides\/wp-content\/uploads\/2022\/12\/MG_1306-300x200.jpg 300w, https:\/\/hidesambroz.com\/hides\/wp-content\/uploads\/2022\/12\/MG_1306-768x512.jpg 768w, https:\/\/hidesambroz.com\/hides\/wp-content\/uploads\/2022\/12\/MG_1306.jpg 1000w\" sizes=\"auto, (max-width: 350px) 100vw, 350px\" \/><\/a><\/p>\n","protected":false},"excerpt":{"rendered":"<p>HIDE DE LAS GRULLAS. Hide situado en las cercan\u00edas de un dormidero donde cada tarde acuden a descansar unas 300-400 Grullas. CARACTER\u00cdSTICAS. Se trata de un hide de madera con troneras con capacidad para dos fot\u00f3grafos No es un aguardo que necesite largas esperas por &hellip; <a href=\"https:\/\/hidesambroz.com\/hides\/hide-de-las-grullas\/\" class=\"more-link\"><span>Seguir leyendo<span class=\"screen-reader-text\">HIDE DE LAS GRULLAS.<\/span><\/span><\/a><\/p>\n","protected":false},"author":1,"featured_media":0,"parent":0,"menu_order":0,"comment_status":"closed","ping_status":"closed","template":"","meta":{"om_disable_all_campaigns":false,"_exactmetrics_skip_tracking":false,"_exactmetrics_sitenote_active":false,"_exactmetrics_sitenote_note":"","_exactmetrics_sitenote_category":0,"_monsterinsights_skip_tracking":false,"_monsterinsights_sitenote_active":false,"_monsterinsights_sitenote_note":"","_monsterinsights_sitenote_category":0,"_uf_show_specific_survey":0,"_uf_disable_surveys":false,"ngg_post_thumbnail":0,"footnotes":""},"class_list":["post-230","page","type-page","status-publish","hentry"],"aioseo_notices":[],"_links":{"self":[{"href":"https:\/\/hidesambroz.com\/hides\/wp-json\/wp\/v2\/pages\/230","targetHints":{"allow":["GET"]}}],"collection":[{"href":"https:\/\/hidesambroz.com\/hides\/wp-json\/wp\/v2\/pages"}],"about":[{"href":"https:\/\/hidesambroz.com\/hides\/wp-json\/wp\/v2\/types\/page"}],"author":[{"embeddable":true,"href":"https:\/\/hidesambroz.com\/hides\/wp-json\/wp\/v2\/users\/1"}],"replies":[{"embeddable":true,"href":"https:\/\/hidesambroz.com\/hides\/wp-json\/wp\/v2\/comments?post=230"}],"version-history":[{"count":1,"href":"https:\/\/hidesambroz.com\/hides\/wp-json\/wp\/v2\/pages\/230\/revisions"}],"predecessor-version":[{"id":235,"href":"https:\/\/hidesambroz.com\/hides\/wp-json\/wp\/v2\/pages\/230\/revisions\/235"}],"wp:attachment":[{"href":"https:\/\/hidesambroz.com\/hides\/wp-json\/wp\/v2\/media?parent=230"}],"curies":[{"name":"wp","href":"https:\/\/api.w.org\/{rel}","templated":true}]}}