{"id":164,"date":"2022-05-11T09:50:45","date_gmt":"2022-05-11T09:50:45","guid":{"rendered":"https:\/\/hidesambroz.com\/hides\/?page_id=164"},"modified":"2022-05-11T10:02:00","modified_gmt":"2022-05-11T10:02:00","slug":"normas-de-uso-de-los-hides","status":"publish","type":"page","link":"https:\/\/hidesambroz.com\/hides\/normas-de-uso-de-los-hides\/","title":{"rendered":"NORMAS DE USO DE LOS HIDES"},"content":{"rendered":"<p>Para tener la mejor experiencia posible y no causar molestias a las especies que queremos fotografiar deber\u00e1n cumplirse las siguientes normas al utilizar nuestros aguardos.<\/p>\n<ul>\n<li>Est\u00e1 prohibido abandonar el hide, salvo un caso de emergencia. Se deber\u00e1 esperar a que el gu\u00eda acuda a recogeros y a que llame a la puerta.<\/li>\n<li>Est\u00e1 prohibido fumar y hablar por tel\u00e9fono.<\/li>\n<li>Se recomienda utilizar el tel\u00e9fono lo menos posible, as\u00ed como se deber\u00e1 poner en silencio para no causar molestias.<\/li>\n<li>No se permite el uso de reclamos en los hides.<\/li>\n<li>Se recomienda utilizar ropa adecuada para la \u00e9poca del a\u00f1o en la que nos visites<\/li>\n<li>Mantenerse en silencio y aplicar el sentido com\u00fan har\u00e1 que la experiencia sea mucho mejor.<\/li>\n<\/ul>\n","protected":false},"excerpt":{"rendered":"<p>Para tener la mejor experiencia posible y no causar molestias a las especies que queremos fotografiar deber\u00e1n cumplirse las siguientes normas al utilizar nuestros aguardos. Est\u00e1 prohibido abandonar el hide, salvo un caso de emergencia. Se deber\u00e1 esperar a que el gu\u00eda acuda a recogeros &hellip; <a href=\"https:\/\/hidesambroz.com\/hides\/normas-de-uso-de-los-hides\/\" class=\"more-link\"><span>Seguir leyendo<span class=\"screen-reader-text\">NORMAS DE USO DE LOS HIDES<\/span><\/span><\/a><\/p>\n","protected":false},"author":1,"featured_media":0,"parent":0,"menu_order":0,"comment_status":"closed","ping_status":"closed","template":"","meta":{"om_disable_all_campaigns":false,"_exactmetrics_skip_tracking":false,"_exactmetrics_sitenote_active":false,"_exactmetrics_sitenote_note":"","_exactmetrics_sitenote_category":0,"_monsterinsights_skip_tracking":false,"_monsterinsights_sitenote_active":false,"_monsterinsights_sitenote_note":"","_monsterinsights_sitenote_category":0,"_uf_show_specific_survey":0,"_uf_disable_surveys":false,"ngg_post_thumbnail":0,"footnotes":""},"class_list":["post-164","page","type-page","status-publish","hentry"],"aioseo_notices":[],"_links":{"self":[{"href":"https:\/\/hidesambroz.com\/hides\/wp-json\/wp\/v2\/pages\/164","targetHints":{"allow":["GET"]}}],"collection":[{"href":"https:\/\/hidesambroz.com\/hides\/wp-json\/wp\/v2\/pages"}],"about":[{"href":"https:\/\/hidesambroz.com\/hides\/wp-json\/wp\/v2\/types\/page"}],"author":[{"embeddable":true,"href":"https:\/\/hidesambroz.com\/hides\/wp-json\/wp\/v2\/users\/1"}],"replies":[{"embeddable":true,"href":"https:\/\/hidesambroz.com\/hides\/wp-json\/wp\/v2\/comments?post=164"}],"version-history":[{"count":3,"href":"https:\/\/hidesambroz.com\/hides\/wp-json\/wp\/v2\/pages\/164\/revisions"}],"predecessor-version":[{"id":173,"href":"https:\/\/hidesambroz.com\/hides\/wp-json\/wp\/v2\/pages\/164\/revisions\/173"}],"wp:attachment":[{"href":"https:\/\/hidesambroz.com\/hides\/wp-json\/wp\/v2\/media?parent=164"}],"curies":[{"name":"wp","href":"https:\/\/api.w.org\/{rel}","templated":true}]}}